{"id":9,"date":"2014-12-04T12:39:28","date_gmt":"2014-12-04T10:39:28","guid":{"rendered":"http:\/\/www.varastokirjasto.fi\/kam\/?page_id=9"},"modified":"2017-10-25T08:00:44","modified_gmt":"2017-10-25T08:00:44","slug":"tarkoitus-ja-tehtavat","status":"publish","type":"page","link":"https:\/\/musiikkiarkisto.fi\/kam\/","title":{"rendered":"Tarkoitus ja teht\u00e4v\u00e4t"},"content":{"rendered":"<p style=\"text-align: left;\"><img loading=\"lazy\" decoding=\"async\" class=\"alignright size-medium wp-image-84\" src=\"https:\/\/musiikkiarkisto.fi\/kam\/wp-content\/uploads\/2014\/12\/Etusivuun-300x277.jpg\" alt=\"\" width=\"300\" height=\"277\" srcset=\"https:\/\/musiikkiarkisto.fi\/kam\/wp-content\/uploads\/2014\/12\/Etusivuun-300x277.jpg 300w, https:\/\/musiikkiarkisto.fi\/kam\/wp-content\/uploads\/2014\/12\/Etusivuun-768x709.jpg 768w, https:\/\/musiikkiarkisto.fi\/kam\/wp-content\/uploads\/2014\/12\/Etusivuun-1024x946.jpg 1024w, https:\/\/musiikkiarkisto.fi\/kam\/wp-content\/uploads\/2014\/12\/Etusivuun.jpg 1364w\" sizes=\"auto, (max-width: 300px) 100vw, 300px\" \/>KAM-sektorilla on tarvetta ter\u00e4v\u00f6itt\u00e4\u00e4 profiiliaan niin opetusministeri\u00f6n kuin\u00a0oikeudenhaltijaj\u00e4rjest\u00f6jen suuntaan. Muistiorganisaatioiden n\u00e4kemykset tulee saada aiempaa vahvemmin my\u00f6s suuren yleis\u00f6n tietoisuuteen; ne kun nimenomaan edustavat suuren yleis\u00f6n intressej\u00e4. Yhteisty\u00f6n tarve on erityisen polttava tekij\u00e4noikeuden alalla, mutta yhteisty\u00f6 on syyt\u00e4 ulottaa my\u00f6s julkisuuslains\u00e4\u00e4d\u00e4nt\u00f6\u00f6n, tietosuojaan, kokoelmien omistussuhteita koskeviin kysymyksiin jne. Tavoitteena on my\u00f6s informaation ja olemassa olevan osaamisen tehokkaampi jakaminen eri muistiorganisaatioiden v\u00e4lill\u00e4.<\/p>\n<p>Lains\u00e4\u00e4d\u00e4nn\u00f6ss\u00e4 on eri muistiorganisaatioiden v\u00e4lill\u00e4 eroavuuksia, joten kukin sektori vastaa jatkossakin itsen\u00e4isesti mm. valtioneuvoston lausuntopyynt\u00f6ihin. Keskeinen tavoite on edunvalvonnan parempi koordinointi. Monissa asioissa on l\u00f6ydett\u00e4viss\u00e4 yhteinen kanta, jonka selke\u00e4mpi esille tuominen parantaa vaikutusmahdollisuuksia. Yl\u00e4ryhm\u00e4n perustamisella ei ole suoranaista vaikutusta kirjastoseurojen ja Museoliiton nykyisten juridisten ty\u00f6ryhmien ty\u00f6h\u00f6n.<\/p>\n","protected":false},"excerpt":{"rendered":"<p>KAM-sektorilla on tarvetta ter\u00e4v\u00f6itt\u00e4\u00e4 profiiliaan niin opetusministeri\u00f6n kuin\u00a0oikeudenhaltijaj\u00e4rjest\u00f6jen suuntaan. Muistiorganisaatioiden n\u00e4kemykset tulee saada aiempaa vahvemmin my\u00f6s suuren yleis\u00f6n tietoisuuteen; ne kun nimenomaan edustavat suuren yleis\u00f6n intressej\u00e4. Yhteisty\u00f6n tarve on erityisen polttava tekij\u00e4noikeuden alalla, mutta yhteisty\u00f6 on syyt\u00e4 ulottaa my\u00f6s julkisuuslains\u00e4\u00e4d\u00e4nt\u00f6\u00f6n, tietosuojaan, kokoelmien omistussuhteita koskeviin kysymyksiin jne. Tavoitteena on my\u00f6s informaation ja olemassa olevan osaamisen tehokkaampi [&hellip;]<\/p>\n","protected":false},"author":1,"featured_media":0,"parent":0,"menu_order":1,"comment_status":"closed","ping_status":"closed","template":"","meta":{"footnotes":""},"class_list":["post-9","page","type-page","status-publish","hentry"],"_links":{"self":[{"href":"https:\/\/musiikkiarkisto.fi\/kam\/wp-json\/wp\/v2\/pages\/9","targetHints":{"allow":["GET"]}}],"collection":[{"href":"https:\/\/musiikkiarkisto.fi\/kam\/wp-json\/wp\/v2\/pages"}],"about":[{"href":"https:\/\/musiikkiarkisto.fi\/kam\/wp-json\/wp\/v2\/types\/page"}],"author":[{"embeddable":true,"href":"https:\/\/musiikkiarkisto.fi\/kam\/wp-json\/wp\/v2\/users\/1"}],"replies":[{"embeddable":true,"href":"https:\/\/musiikkiarkisto.fi\/kam\/wp-json\/wp\/v2\/comments?post=9"}],"version-history":[{"count":15,"href":"https:\/\/musiikkiarkisto.fi\/kam\/wp-json\/wp\/v2\/pages\/9\/revisions"}],"predecessor-version":[{"id":272,"href":"https:\/\/musiikkiarkisto.fi\/kam\/wp-json\/wp\/v2\/pages\/9\/revisions\/272"}],"wp:attachment":[{"href":"https:\/\/musiikkiarkisto.fi\/kam\/wp-json\/wp\/v2\/media?parent=9"}],"curies":[{"name":"wp","href":"https:\/\/api.w.org\/{rel}","templated":true}]}}