{"id":23,"date":"2014-12-04T12:49:41","date_gmt":"2014-12-04T10:49:41","guid":{"rendered":"http:\/\/www.varastokirjasto.fi\/kam\/?page_id=23"},"modified":"2025-04-09T10:26:47","modified_gmt":"2025-04-09T10:26:47","slug":"kannanotot","status":"publish","type":"page","link":"https:\/\/musiikkiarkisto.fi\/kam\/tarkoitus-ja-tehtavat\/kannanotot\/","title":{"rendered":"Tietosuoja"},"content":{"rendered":"\n<p>KAM-juridiikkaryhm\u00e4 on julkaissut suosituksen <strong><em>Tietosuoja KAM-sektorilla. Suositellut toimintatavat henkil\u00f6tietoja sis\u00e4lt\u00e4vien aineistojen k\u00e4sittelyyn kirjastoissa, arkistoissa ja museoissa<\/em><\/strong>.<\/p>\n\n\n\n<p>Suosituksen uusimman version 2.1 (julkaistu 21.1.2025) voi ladata pdf-muodossa alla olevasta linkist\u00e4:<\/p>\n\n\n\n<p><a href=\"https:\/\/musiikkiarkisto.fi\/kam\/wp-content\/uploads\/2025\/04\/Tietosuoja-KAM-sektorilla-v2_1.pdf\" data-type=\"attachment\" data-id=\"561\">Tietosuoja KAM-sektorilla v2_1<\/a><\/p>\n\n\n\n<p><em>Tietosuoja KAM-sektorilla<\/em> -suositus keskittyy kirjastoissa, arkistoissa ja museoissa s\u00e4ilytett\u00e4viin kulttuuriperint\u00f6- ja tutkimusaineistoihin sek\u00e4 niiden kuvailutietoihin sis\u00e4ltyvien henkil\u00f6tietojen k\u00e4sittelyyn ja suojaamiseen. T\u00e4m\u00e4 k\u00e4sittely KAM-organisaatioissa tapahtuu yleens\u00e4 yleisen edun mukaisessa tai yleishy\u00f6dyllisess\u00e4 arkistointitarkoituksessa. Kyse on henkil\u00f6tietojen k\u00e4sittelyn erityistilanteesta, johon liittyy tiettyj\u00e4 poikkeuksia ja erivapauksia.<\/p>\n\n\n\n<p><em>Tietosuoja KAM-sektorilla<\/em> ei k\u00e4sittele viranomaisaineistoihin liittyvi\u00e4 erityiskysymyksi\u00e4, kuten julkisuuslains\u00e4\u00e4d\u00e4nn\u00f6n soveltamista. Suositus ei my\u00f6sk\u00e4\u00e4n ota kantaa tekij\u00e4noikeuksiin ja niist\u00e4 aiheutuviin k\u00e4ytt\u00f6rajoituksiin.<\/p>\n\n\n\n<p>Suositukseen liittyen j\u00e4rjestettiin seminaari Kansallismuseossa 29.5.2019. Seminaarin tallenne on julkaistu Musiikkiarkiston Youtube-kanavalla:<\/p>\n\n\n\n<figure class=\"wp-block-embed is-type-video is-provider-youtube wp-block-embed-youtube wp-embed-aspect-16-9 wp-has-aspect-ratio\"><div class=\"wp-block-embed__wrapper\">\n<iframe loading=\"lazy\" title=\"Tietosuoja KAM-sektorilla\" width=\"625\" height=\"352\" src=\"https:\/\/www.youtube.com\/embed\/gTikY9qfgYs?feature=oembed\" frameborder=\"0\" allow=\"accelerometer; autoplay; clipboard-write; encrypted-media; gyroscope; picture-in-picture; web-share\" referrerpolicy=\"strict-origin-when-cross-origin\" allowfullscreen><\/iframe>\n<\/div><\/figure>\n","protected":false},"excerpt":{"rendered":"<p>KAM-juridiikkaryhm\u00e4 on julkaissut suosituksen Tietosuoja KAM-sektorilla. Suositellut toimintatavat henkil\u00f6tietoja sis\u00e4lt\u00e4vien aineistojen k\u00e4sittelyyn kirjastoissa, arkistoissa ja museoissa. Suosituksen uusimman version 2.1 (julkaistu 21.1.2025) voi ladata pdf-muodossa alla olevasta linkist\u00e4: Tietosuoja KAM-sektorilla v2_1 Tietosuoja KAM-sektorilla -suositus keskittyy kirjastoissa, arkistoissa ja museoissa s\u00e4ilytett\u00e4viin kulttuuriperint\u00f6- ja tutkimusaineistoihin sek\u00e4 niiden kuvailutietoihin sis\u00e4ltyvien henkil\u00f6tietojen k\u00e4sittelyyn ja suojaamiseen. T\u00e4m\u00e4 k\u00e4sittely KAM-organisaatioissa tapahtuu [&hellip;]<\/p>\n","protected":false},"author":1,"featured_media":0,"parent":9,"menu_order":4,"comment_status":"closed","ping_status":"closed","template":"","meta":{"footnotes":""},"class_list":["post-23","page","type-page","status-publish","hentry"],"_links":{"self":[{"href":"https:\/\/musiikkiarkisto.fi\/kam\/wp-json\/wp\/v2\/pages\/23","targetHints":{"allow":["GET"]}}],"collection":[{"href":"https:\/\/musiikkiarkisto.fi\/kam\/wp-json\/wp\/v2\/pages"}],"about":[{"href":"https:\/\/musiikkiarkisto.fi\/kam\/wp-json\/wp\/v2\/types\/page"}],"author":[{"embeddable":true,"href":"https:\/\/musiikkiarkisto.fi\/kam\/wp-json\/wp\/v2\/users\/1"}],"replies":[{"embeddable":true,"href":"https:\/\/musiikkiarkisto.fi\/kam\/wp-json\/wp\/v2\/comments?post=23"}],"version-history":[{"count":9,"href":"https:\/\/musiikkiarkisto.fi\/kam\/wp-json\/wp\/v2\/pages\/23\/revisions"}],"predecessor-version":[{"id":562,"href":"https:\/\/musiikkiarkisto.fi\/kam\/wp-json\/wp\/v2\/pages\/23\/revisions\/562"}],"up":[{"embeddable":true,"href":"https:\/\/musiikkiarkisto.fi\/kam\/wp-json\/wp\/v2\/pages\/9"}],"wp:attachment":[{"href":"https:\/\/musiikkiarkisto.fi\/kam\/wp-json\/wp\/v2\/media?parent=23"}],"curies":[{"name":"wp","href":"https:\/\/api.w.org\/{rel}","templated":true}]}}