{"id":13,"date":"2014-12-04T12:41:28","date_gmt":"2014-12-04T10:41:28","guid":{"rendered":"http:\/\/www.varastokirjasto.fi\/kam\/?page_id=13"},"modified":"2026-01-07T07:06:31","modified_gmt":"2026-01-07T07:06:31","slug":"toimijat","status":"publish","type":"page","link":"https:\/\/musiikkiarkisto.fi\/kam\/tarkoitus-ja-tehtavat\/toimijat\/","title":{"rendered":"Toimijat"},"content":{"rendered":"\n<ul class=\"wp-block-list\">\n<li><b style=\"font-size: inherit;\"><strong>Suomen museoliitto<\/strong>: <\/b>Veli-Markus Tapio, lakimies (kokoonkutsuja)<\/li>\n\n\n\n<li><strong>Kansalliskirjasto:<\/strong> Pekka Heikkinen, lakimies<\/li>\n\n\n\n<li><strong>Suomen kirjastoseura:&nbsp;<\/strong>Juha Manninen, toiminnanjohtaja<\/li>\n\n\n\n<li><strong><strong>Svenska litteraturs\u00e4llskapet i Finland<\/strong>: <\/strong>Jonas L\u00e5ng, kanslichef<\/li>\n\n\n\n<li><strong>Yksityiset keskusarkistot:<\/strong> Janne Kuusisto, tutkija, Kansan Arkisto<\/li>\n\n\n\n<li><strong>Suomalaisen kirjallisuuden seura: <\/strong>Outi Hupaniittu, arkistonjohtaja<\/li>\n\n\n\n<li><strong>Svenska litteraturs\u00e4llskapet i Finland: <\/strong>Kristina Linnovaara, arkivchef<\/li>\n\n\n\n<li><strong>Arkistoyhdistys: <\/strong>Juha Henriksson, arkistonjohtaja, Musiikkiarkisto<\/li>\n\n\n\n<li><strong>Kansallisarkisto: <\/strong>Immo Aakkula, hallintojohtaja; Erika Lauri, juristi<\/li>\n\n\n\n<li><strong>Kansallinen audiovisuaalinen instituutti:<\/strong> Mikko Kuutti, apulaisjohtaja<\/li>\n\n\n\n<li><strong>Suomen tieteellinen kirjastoseura<\/strong>: Mira Juppi, tietopalvelup\u00e4\u00e4llikk\u00f6, Savonia-ammattikorkeakoulu;&nbsp;Soile Manninen, tietoasiantuntija, Helsingin yliopiston kirjasto<\/li>\n\n\n\n<li><strong>Yleisradio:<\/strong> Elina Selk\u00e4l\u00e4, arkistop\u00e4\u00e4llikk\u00f6<\/li>\n\n\n\n<li><strong>Kansallisgalleria: <\/strong>Virva Salama, juristi<\/li>\n\n\n\n<li><b style=\"font-size: inherit;\">Museovirast<\/b><strong>o<\/strong><span style=\"font-size: inherit;\"><strong>:<\/strong> Iida-Maija Koivisto, lakimies<\/span><\/li>\n\n\n\n<li><strong>\u00c5lands landskapsarkiv:<\/strong> \u00c5ke S\u00f6derlund, landskapsarkivarie<\/li>\n<\/ul>\n","protected":false},"excerpt":{"rendered":"","protected":false},"author":1,"featured_media":0,"parent":9,"menu_order":2,"comment_status":"closed","ping_status":"closed","template":"","meta":{"footnotes":""},"class_list":["post-13","page","type-page","status-publish","hentry"],"_links":{"self":[{"href":"https:\/\/musiikkiarkisto.fi\/kam\/wp-json\/wp\/v2\/pages\/13","targetHints":{"allow":["GET"]}}],"collection":[{"href":"https:\/\/musiikkiarkisto.fi\/kam\/wp-json\/wp\/v2\/pages"}],"about":[{"href":"https:\/\/musiikkiarkisto.fi\/kam\/wp-json\/wp\/v2\/types\/page"}],"author":[{"embeddable":true,"href":"https:\/\/musiikkiarkisto.fi\/kam\/wp-json\/wp\/v2\/users\/1"}],"replies":[{"embeddable":true,"href":"https:\/\/musiikkiarkisto.fi\/kam\/wp-json\/wp\/v2\/comments?post=13"}],"version-history":[{"count":73,"href":"https:\/\/musiikkiarkisto.fi\/kam\/wp-json\/wp\/v2\/pages\/13\/revisions"}],"predecessor-version":[{"id":584,"href":"https:\/\/musiikkiarkisto.fi\/kam\/wp-json\/wp\/v2\/pages\/13\/revisions\/584"}],"up":[{"embeddable":true,"href":"https:\/\/musiikkiarkisto.fi\/kam\/wp-json\/wp\/v2\/pages\/9"}],"wp:attachment":[{"href":"https:\/\/musiikkiarkisto.fi\/kam\/wp-json\/wp\/v2\/media?parent=13"}],"curies":[{"name":"wp","href":"https:\/\/api.w.org\/{rel}","templated":true}]}}