{"id":56,"date":"2011-07-08T04:01:43","date_gmt":"2011-07-08T04:01:43","guid":{"rendered":"http:\/\/www.archives.local\/?page_id=56"},"modified":"2025-11-04T04:09:23","modified_gmt":"2025-11-04T04:09:23","slug":"arkistoteko-voittajat","status":"publish","type":"page","link":"https:\/\/musiikkiarkisto.fi\/ap\/index.php\/arkistoteko-voittajat\/","title":{"rendered":"Aikaisemmat voittajat"},"content":{"rendered":"<p><!--:fi-->Vuoden arkistoteko ja sen kunniamaininta on jaettu seuraavasti:<\/p>\n<p><strong>2004<\/strong><br \/>Rouva Irene Sorsalle (postuumisti Kalevi Sorsalle) Kalevi Sorsan arkiston luovuttamisesta Ty\u00f6v\u00e4enarkistolle.<\/p>\n<p>RISUT<br \/>Parnassolle, jonka arkisto k\u00e4rr\u00e4ttiin vahingossa kaatopaikalle.<\/p>\n<p><strong>2005<\/strong><br \/>Liperin seurakunnan pastori Riitta M\u00e4ntyl\u00e4lle h\u00e4nen toiminnastaan arkistojen hyv\u00e4ksi<\/p>\n<p>KUNNIAMAININTA<br \/>1. Opettaja Raimo Laurilalle Janakkalasta; on tuonut oppilaita opiskelemaan sukututkimusta H\u00e4meenlinnan maakunta-arkistoon.<\/p>\n<p>2. Ylitarkastaja Markku Lepp\u00e4selle, arkistoalaan liittyvien tietojen levitt\u00e4misest\u00e4 arkistokollegoilleen.<\/p>\n<p><strong>2006<\/strong><br \/>Marjatta Sverloffille kolttasaamelaisten aineiston luovutuksesta Oulun maakunta-arkistoon.<\/p>\n<p>KUNNIAMAININTA<br \/>Toimittaja Ilkka Malmbergille tositarinoiden kirjoittamisesta k\u00e4ytt\u00e4en hyv\u00e4ksi mm. arkistoja ja muistitietoa.<\/p>\n<p><strong>2007<\/strong><br \/>Mikkelin ammattikorkeakoulun SAHA-koulutusprojektille.<\/p>\n<p>KUNNIAMAININTA<br \/>1. Jyv\u00e4skyl\u00e4n yliopiston kirjallisuuden oppiaineelle merkitt\u00e4v\u00e4st\u00e4 \u00e4\u00e4nitelahjoituksesta SKS:lle.<\/p>\n<p>2. Pekka Henttoselle v\u00e4it\u00f6skirjasta Records, rules and speech acts \u2013 Archival principles and preservation of speech acts.<\/p>\n<p><strong>2008<\/strong><br \/>Lounela-L\u00f6nnrot-suvun j\u00e4senille kulttuuriperinn\u00f6n vaalimisesta ja suvun arkistoaineiston lahjoittamisesta SKS:lle.<\/p>\n<p>KUNNIAMAININTA<br \/>1. Martti Helmiselle (Helsingin kaupunginarkisto) visuaalisen Helsinki-tietoisuuden levitt\u00e4misest\u00e4.<\/p>\n<p>2. Raija Majamaalle (SKS) perehtyneisyydest\u00e4 arkistotointa koskevaan julkisuus- ja tekij\u00e4noikeuslains\u00e4\u00e4d\u00e4nt\u00f6\u00f6n ja pitk\u00e4aikaisesta ty\u00f6st\u00e4 arkistoalan hyv\u00e4ksi.<br \/>SKS = Suomalaisen Kirjallisuuden Seura<\/p>\n<p><strong>2009<\/strong><br \/>P\u00e4ivi Hovi-Wasastjernalle ja Berndt von Frenckelille Frenckellin Kirjapaino Oy:n arkiston pelastamisesta ja luovuttamisesta Elinkeinoel\u00e4m\u00e4n keskusarkistoon Mikkeliin.<\/p>\n<p>KUNNIAMAININTA<br \/>Matti Lakiolle el\u00e4m\u00e4nty\u00f6st\u00e4 arkistoalan hyv\u00e4ksi.<\/p>\n<p><strong>2010<\/strong><br \/>Musiikkineuvos Jukka Haavistolle uranuurtavasta toiminnasta jazz- ja popmusiikin kulttuuriperinn\u00f6n hyv\u00e4ksi.<\/p>\n<p>KUNNIAMAININTA<br \/>1. Helsingin Sanomien toimittajalle Unto H\u00e4m\u00e4l\u00e4iselle. H\u00e4m\u00e4l\u00e4inen on koonnut kirjoituksensa vuosilta 1984-2007 leikekirjoihin ja luovuttanut ne P\u00e4iv\u00e4lehden arkistoon.<br \/>2. Maisteri Marjukka Honkalalle 30 vuotta kest\u00e4neest\u00e4 aktiivisesta arkistourasta<\/p>\n<p><strong>2011<br \/><\/strong>Kouvolan kaupungin Archiumin arkistotilahanke<br \/>Kiinteist\u00f6 Oy Kouvolan Archium rakennutti tilat, jossa uuteen Kouvolan kaupunginarkistoon on keskitetty Kouvolan kaupunginarkisto sek\u00e4 aikaisemmin kuudessa eri paikassa s\u00e4ilytetyt uuden Kouvolan edelt\u00e4jien arkistot sek\u00e4 Anjalankosken, Elim\u00e4en ja Valkealan kunnan- ja kotiseutuarkistot.<\/p>\n<p>KUNNIAMAININTA<br \/>Dosentti Marianne Tallbergille Helsingist\u00e4 h\u00e4nen pitk\u00e4aikaisesta ty\u00f6st\u00e4\u00e4n hoitoty\u00f6n yksityisarkistojen hankkimisesta ja luetteloimisesta.<\/p>\n<p><strong>2012<br \/><\/strong>Erikoistutkija Jukka Kukkoselle h\u00e4nen el\u00e4m\u00e4nty\u00f6st\u00e4\u00e4n valokuvahistorian ja kuva-arkistoty\u00f6n parissa. Kukkonen on tehnyt alalla<br \/>uranuurtavaa selvitys-, tutkimus- ja julkaisuty\u00f6t\u00e4 1970-luvun alusta l\u00e4htien.<\/p>\n<p>KUNNIAMAININTA<br \/>1. Dosentti Tuula Juvoselle toiminnastaan sukupuoli- ja seksuaaliv\u00e4hemmist\u00f6jen historian tallentamisen ja n\u00e4kyv\u00e4ksi tekemisen puolesta.<br \/>2. Filosofian lisensiaatti Harry Hal\u00e9nille tutkimukseen perustavasta, pitk\u00e4j\u00e4nteisest\u00e4 arkistoaineistojen sis\u00e4lt\u00f6tietojen jakamisesta<br \/>Unholan Aitta -sarjajulkaisun muodossa.<\/p>\n<p><strong>2013<br \/><\/strong>Raahen poliisiaseman teknisen tutkijan Raimo Lehtim\u00e4en ansiokkaan toiminnan Suomen sodissa 1939\u20131945 menehtyneiden tietokannan sis\u00e4ll\u00f6n kehitt\u00e4\u00admisess\u00e4.<\/p>\n<p>KUNNIAMAININTA<br \/>Fil.maist Martti Favorinille vapaaehtoisty\u00f6st\u00e4, jota h\u00e4n on tehnyt j\u00e4rjest\u00e4m\u00e4ll\u00e4 ja luetteloimalla henkil\u00f6arkistoja Kansallisarkistossa.<\/p>\n<p><strong>2014<br \/><\/strong>Hyvnk\u00e4\u00e4n kaupunginmuseon intendentti Susanna Eskolalle, amanuenssi Sari Mustaj\u00e4rvelle ja arkistonhoitaja Matti Mieskoselle heid\u00e4n ansiokkaasta toiminnasta Valvillan tehdasmuseon arkiston pelastamiseksi ja j\u00e4rjest\u00e4miseksi.<\/p>\n<p>KUNNIAMAININTA<br \/>1. Ville H\u00e4nniselle ja Jussi Karjalaiselle laajojen arkistoaineistojen esilletuomisesta julkaisussa SARJATULTA! Sota-ajan suomalaiset pilapiirrokset ja saarjakuvat.<br \/>2. Hankekoordinaattori Sanna Marttilalle ja koulutuskoordinaattori Laura Sillanp\u00e4\u00e4lle Avoin kulttuuridata -mestarikurssin j\u00e4rjest\u00e4misest\u00e4.<\/p>\n<p><strong>2015<br \/><\/strong>Oranssi ry:lle pienlehtiarkisto 1977-1982 hankkeen toteuttajalle Juuso Paasolle ja Juho H\u00e4nniselle. Oranssi ry:n pienlehtiarkisto-tietokanta sis\u00e4lt\u00e4\u00e4 yli 300 suomalaista punk-lehte\u00e4 sek\u00e4 niihin liittyvi\u00e4 metatietoja ja haastatteluja. Aikaisemmin hankalasti saatavilla ollut aineisto on nyt kaikkien k\u00e4ytett\u00e4viss\u00e4 internetin v\u00e4lityksell\u00e4.<\/p>\n<p>KUNNIAMAININTA<br \/>1. Liikearkistoyhdistys ry:n julkaisemalle FAILI-ammattilehdelle, jonka sis\u00e4lt\u00f6 ja ulkoasu on viime vuosien aikana parantunut merkitt\u00e4v\u00e4sti.<br \/>2. Dosentti Pekka Henttoselle h\u00e4nen teoksensa <strong>Johdatus asiakirjahallinnan tutkimukseen<\/strong> ansiosta.<strong><br \/><\/strong><\/p>\n<p><strong>2016<br \/><\/strong>Yleisradion hanke, jossa luovutettiin Lauantain toivotut levyt -kirjekokoelma Musiikkiarkisto JAPAan. Lauantain toivotut levyt on Yleisradion vanhin yht\u00e4jaksoisesti jatkunut ohjelma ja se oli aina 1960-luvun alkuun asti ainoa radio-ohjelma, jossa soitettiin taidemusiikin lis\u00e4ksi my\u00f6s populaarimusiikkia. Laaja ja yhten\u00e4inen kirjekokoelma sis\u00e4lt\u00e4\u00e4 kuulijoiden toivekirjeit\u00e4 vuosilta 1935\u20132013. Kokoelma tarjoaa tutkijoille kulttuurihistoriallisesti merkitt\u00e4v\u00e4n aineiston, joka avaa maailmaa musiikkitoiveiden takana.<\/p>\n<p>KUNNIAMAININTA<br \/>1. Brages Pressarkivetin ty\u00f6ntekij\u00f6ille FM Viveka H\u00f6gn\u00e4s-Mellnerille ja FM Gun Gr\u00f6nroosille heid\u00e4n ty\u00f6st\u00e4\u00e4n sanomalehtiarkiston parissa. Arkistossa on ker\u00e4tty ja rekister\u00f6ity Suomen ruotsinkielist\u00e4 sanomalehtimateriaalia yli sadan vuoden ajalta.<br \/>2. Dosentti Ulla-Maija Peltoselle h\u00e4nen toiminnastaan arkistokent\u00e4ll\u00e4 mm. muistitiedon ker\u00e4\u00e4misen ja historiallisen kertomusperinteen kehitt\u00e4misess\u00e4 sek\u00e4 johtoteht\u00e4viss\u00e4 Suomalaisen Kirjallisuuden Seuran arkistossa.<br \/>3. Fil.maist. Carl-Magnus Roosille h\u00e4nen pitk\u00e4aikaisesta ja aktiivisesta toiminnastaan arkistokent\u00e4ll\u00e4 mm. Liikearkistoyhdistyksen parissa sek\u00e4 osallistumisestaan Helsingin kaupungin moniin historiaprojekteihin.<\/p>\n<p><strong>2017<br \/><\/strong>Arkistojen p\u00e4iv\u00e4n toimikunta on valinnut yksimielisesti Vuoden 2017 arkistoteon saajaksi <strong>Helsingin Sanomien digitaalisen Aikakone-arkistopalvelun<\/strong>. Kyseinen palvelu tuo yleis\u00f6n ulottuville yli 30 000 n\u00e4k\u00f6islehte\u00e4 vuosilta 1904 &#8211; 1997. Arkiston avaamista lehden digitilaajille voidaan pit\u00e4\u00e4 kulttuuritekona, joka helpottaa aineistoa k\u00e4ytt\u00e4vien tutkijoiden ty\u00f6t\u00e4 sek\u00e4 lis\u00e4\u00e4 suuren yleis\u00f6n kiinnostusta historiallisia sanomalehtiarkistoja kohtaan. Helsingin Sanomien lehtiarkisto on ainutlaatuinen ikkuna 1900-luvun yhteiskuntaan ja sen sis\u00e4ll\u00f6t koskettavat huomattavaa osaa suomalaisista. Palkinnon vastaanottivat Helsingin Sanomien puolesta toimitusp\u00e4\u00e4llikk\u00f6 Esa M\u00e4kinen, liiketoiminnan kehitysp\u00e4\u00e4llikk\u00f6 Vesa Lindqvist sek\u00e4 arkiston esimies Jarkko Rahkonen.<\/p>\n<p><strong>2018<\/strong><\/p>\n<p><strong>Eduskunnan veteraanikansanedustajien muistitietoarkisto-projekti<\/strong><\/p>\n<p>Veteraanikansanedustajien muistitietoarkisto \u2013projekti on vuodesta 1988 alkaen ker\u00e4nnyt muistitietoa historiahaastattelujen avulla. Eduskunnassa yleens\u00e4 v\u00e4hint\u00e4\u00e4n kaksi kautta toimineita tai merkitt\u00e4v\u00e4n uran tehneit\u00e4 kansanedustajia on haastateltu tarkoituksella, ett\u00e4 kyseist\u00e4 aineistoa olisi mahdollista hy\u00f6dynt\u00e4\u00e4 tutkimuksen l\u00e4hdeaineistona. Projektin tekemi\u00e4 haastatteluja oli \u00e4\u00e4nitallenteina kertynyt vuoden 2018 alkuun menness\u00e4 yli 400 kappaletta ja \u00e4\u00e4nitallenteista on purettu yli 62 000 tekstisivua. Kansanedustajien haastattelutoiminnassa on projektin kuluessa pyritty tasapuolisuuteen ja edustavuuteen kaikkien poliittisten ryhmien osalta ja toiminnan tuloksena kertynyt aineisto on kansainv\u00e4lisess\u00e4kin vertailussa ainutlaatuinen.<\/p>\n<p>KUNNIAMAININTA<br \/>Arkistojen p\u00e4iv\u00e4n toimikunta antoi my\u00f6s kunniamaininnan Kansallisarkiston sek\u00e4 Helsingin ja Turun kaupunginarkistojen FamilySearch International -yhteis\u00f6n kanssa tekem\u00e4lle mittavalle arkistoaineistojen digitointihankkeelle.<\/p>\n<p><strong>2019<\/strong><\/p>\n<p>Arkistojen p\u00e4iv\u00e4n toimikunta valitsi vuoden 2019 arkistoteoksi <strong>tutkija Marjaliisa Hentil\u00e4n ja tutkija Mikko Kosusen toimittaman teoksen <em>Demokratian muisti. Ty\u00f6v\u00e4en arkisto 110 vuotta.<\/em><\/strong><\/p>\n<p>Kunniamaininta annettiin usean kirjasto-, arkisto- ja museoalan edustajan muodostamalle <strong>KAM-juridiikkaryhm\u00e4lle<\/strong>\u00a0proaktiivisesta ty\u00f6st\u00e4 kulttuuriperint\u00f6aineistojen oikeudellisen aseman selvitt\u00e4miseksi.\u00a0<\/p>\n<p><strong>2020<\/strong><\/p>\n<p>Vuoden 2020 arkistoteoksi palkintoraati nimesi <strong>Kansallisen audiovisuaalisen instituutin joulukuussa 2019 avaaman uudistetun ja laajennetun Elonet-palvelun<\/strong>\u00a0(<a href=\"https:\/\/elonet.finna.fi\/\">https:\/\/elonet.finna.fi\/<\/a>) jossa on vapaasti katsottavissa n. 300 kotimaista pitk\u00e4\u00e4 elokuvaa Kavin omistamista kaikkiaan n. 450 elokuvasta. Vuosikymmenten filmografisten tietojen ker\u00e4\u00e4mis- ja kirjoittamisty\u00f6 yhdistyy Elonet-palvelussa korkealaatuisiin digitointeihin ja restaurointeihin.<\/p>\n<p>Palkintoraati p\u00e4\u00e4tti lis\u00e4ksi antaa <strong>kunniamaininnan ulkoministeri\u00f6n marraskuussa 2019 netiss\u00e4 julkaisemalle Suomen l\u00e4hetyst\u00f6jen vuosien 1918\u20131945 raporttisarjalle<\/strong> (<a href=\"https:\/\/um.fi\/opendata\/raporttiarkisto\/1918\/\">https:\/\/um.fi\/opendata\/raporttiarkisto\/1918\/<\/a>).<\/p>\n\n\n<p><strong>2021<\/strong><\/p>\n\n\n\n<p>Arkistojen p\u00e4iv\u00e4n toimikunta valitsi <strong>vuoden 2021 arkistoteoksi Psykoterapiakeskus Vastaamon potilastietojen kokoamisen Kansanel\u00e4kelaitokseen<\/strong>. Laaja hanke sis\u00e4lt\u00e4\u00e4 potilastietojen vastaanottamisen ja tallentamisen lis\u00e4ksi my\u00f6s niihin liittyv\u00e4n tietopalvelun j\u00e4rjest\u00e4misen Kelassa. Lis\u00e4ksi se tuo hyvin esiin s\u00e4hk\u00f6isen ja manuaalisen arkistoinnin haasteet sek\u00e4 tietoturvan ja tietosuojan merkityksen arkistoty\u00f6ss\u00e4.<\/p>\n\n\n\n<p>Arkistojen p\u00e4iv\u00e4n toimikunta jakoi lis\u00e4ksi kaksi kunniamainintaa ansioituneille arkistoteoille. <strong>FT Rita Paqval\u00e9n kertoo esseekokoelmassaan <em>QUEERA MINNEN. Ess\u00e4er om tystnad, l\u00e4ngtan och motst\u00e5nd. Queera r\u00f6ster ur arkivens djup<\/em><\/strong><em>. <\/em>yhteiskunnan normeja uhmanneista yksil\u00f6ist\u00e4 aikana, jolloin homoseksuaaliset teot viel\u00e4 kuuluivat Suomen rikoslain piiriin. <strong>Kansantalojen Liiton ja Kansan Arkiston \u201dKansantalojen arkistot talteen\u201d -yhteisprojektissa kartoitettiin kansantaloissa olevat arkistot ja koordinoitiin niiden arkistoiminen<\/strong>. <\/p>\n\n\n\n<p><strong>2o22<\/strong><\/p>\n\n\n\n<p>Arkistojen p\u00e4iv\u00e4n toimikunta on my\u00f6nsi <strong>Vuoden 2022 arkistoteko -palkinnon Romano Mission yhdistysarkiston luovuttamiselle Kansallisarkistoon<\/strong>. T\u00e4m\u00e4 merkitt\u00e4v\u00e4 ja laaja vuosille 1904\u20132016 ajoittuva arkistomateriaali on ollut t\u00e4h\u00e4n saakka tutkijoiden ja muiden asiasta kiinnostuneiden saavuttamattomissa.<\/p>\n\n\n\n<p><strong>Vuoden arkistoteko 2022 -kunniamaininta my\u00f6nnettiin Digitalian ja MikseiMikkelin koulutushankkeille<\/strong>, jotka ovat lis\u00e4nneet merkitt\u00e4v\u00e4ll\u00e4 tavalla arkistoinnin ja asiakirjahallinnan digitalisaatiossa tarvittavaa tiet\u00e4myst\u00e4 ja ammattitaitoa.&nbsp;<\/p>\n\n\n\n<p><strong>2023<\/strong><\/p>\n\n\n\n<p>Vuoden arkistoteko -palkinto 2023 my\u00f6nnettiin <strong>Emil Santtu Uutulle ja ty\u00f6ryhm\u00e4lle teoksesta \u201dIhana tyt\u00e4r Erika \u2013 huomioita nimest\u00e4\u201d<\/strong>.&nbsp;<\/p>\n\n\n\n<p>Vuoden arkistoteko -kunniamaininta 2023 my\u00f6nnettiin <strong>Suomen Kotiseutuliitolle Kotiseutuarkistojen tietosuojakoulutuksista sek\u00e4 kotiseutuarkistoselvityksest\u00e4.<\/strong><\/p>\n\n\n\n<p><strong>2024<\/strong><\/p>\n\n\n\n<p>Vuoden arkistoteko -palkinto 2024 my\u00f6nnettiin <strong>Maarit Tyrk\u00f6lle<\/strong>, joka on tehnyt merkitt\u00e4v\u00e4n ty\u00f6n laajan arkistonsa j\u00e4rjest\u00e4misess\u00e4 sek\u00e4 sen luovuttamisessa osaksi suomalaista kulttuuriperint\u00f6\u00e4.<\/p>\n\n\n\n<p>Vuoden arkistoteko -kunniamaininta 2024 my\u00f6nnettiin <strong>Yksityiset keskusarkistot ry:lle<\/strong> pitk\u00e4j\u00e4nteisest\u00e4 ty\u00f6st\u00e4 suomalaisen yksityisarkistotoiminnan edist\u00e4miseksi.\u00a0<\/p>\n\n\n\n<p><br><br><\/p>\n","protected":false},"excerpt":{"rendered":"<p>Vuoden arkistoteko ja sen kunniamaininta on jaettu seuraavasti: 2004Rouva Irene Sorsalle (postuumisti Kalevi Sorsalle) Kalevi Sorsan arkiston luovuttamisesta Ty\u00f6v\u00e4enarkistolle. RISUTParnassolle, jonka arkisto k\u00e4rr\u00e4ttiin vahingossa kaatopaikalle. 2005Liperin seurakunnan pastori Riitta M\u00e4ntyl\u00e4lle h\u00e4nen toiminnastaan arkistojen hyv\u00e4ksi KUNNIAMAININTA1. Opettaja Raimo Laurilalle Janakkalasta; on tuonut oppilaita opiskelemaan sukututkimusta H\u00e4meenlinnan maakunta-arkistoon. 2. Ylitarkastaja Markku Lepp\u00e4selle, arkistoalaan liittyvien tietojen levitt\u00e4misest\u00e4 arkistokollegoilleen. [&hellip;]<\/p>\n","protected":false},"author":1,"featured_media":0,"parent":0,"menu_order":0,"comment_status":"closed","ping_status":"closed","template":"","meta":{"footnotes":""},"class_list":["post-56","page","type-page","status-publish","hentry"],"_links":{"self":[{"href":"https:\/\/musiikkiarkisto.fi\/ap\/index.php\/wp-json\/wp\/v2\/pages\/56","targetHints":{"allow":["GET"]}}],"collection":[{"href":"https:\/\/musiikkiarkisto.fi\/ap\/index.php\/wp-json\/wp\/v2\/pages"}],"about":[{"href":"https:\/\/musiikkiarkisto.fi\/ap\/index.php\/wp-json\/wp\/v2\/types\/page"}],"author":[{"embeddable":true,"href":"https:\/\/musiikkiarkisto.fi\/ap\/index.php\/wp-json\/wp\/v2\/users\/1"}],"replies":[{"embeddable":true,"href":"https:\/\/musiikkiarkisto.fi\/ap\/index.php\/wp-json\/wp\/v2\/comments?post=56"}],"version-history":[{"count":8,"href":"https:\/\/musiikkiarkisto.fi\/ap\/index.php\/wp-json\/wp\/v2\/pages\/56\/revisions"}],"predecessor-version":[{"id":1331,"href":"https:\/\/musiikkiarkisto.fi\/ap\/index.php\/wp-json\/wp\/v2\/pages\/56\/revisions\/1331"}],"wp:attachment":[{"href":"https:\/\/musiikkiarkisto.fi\/ap\/index.php\/wp-json\/wp\/v2\/media?parent=56"}],"curies":[{"name":"wp","href":"https:\/\/api.w.org\/{rel}","templated":true}]}}