{"id":516,"date":"2017-09-27T15:02:16","date_gmt":"2017-09-27T12:02:16","guid":{"rendered":"https:\/\/arkistojenpaiva.wordpress.com\/?page_id=516"},"modified":"2025-11-04T04:11:23","modified_gmt":"2025-11-04T04:11:23","slug":"arkivgarning-vinnare","status":"publish","type":"page","link":"https:\/\/musiikkiarkisto.fi\/ap\/index.php\/arkivgarning-vinnare\/","title":{"rendered":"Tidigare vinnare"},"content":{"rendered":"\n<p>\u00c5rets arkivg\u00e4rning och ett d\u00e4rmed f\u00f6rknippat hedersomn\u00e4mnande har utdelats p\u00e5 f\u00f6ljande s\u00e4tt:<\/p>\n\n\n\n<p><strong>2004<br><\/strong>\u00c5t fru Irene Sorsa (postumt \u00e5t Kalevi Sorsa) f\u00f6r \u00f6verl\u00e5tande av Kalevi Sorsas arkiv till Arbetararkivet.<\/p>\n\n\n\n<p>RIS<br>Till tidskriften Parnasso f\u00f6r att dess arkiv av misstag hamnade p\u00e5 avstj\u00e4lpningsplatsen.<\/p>\n\n\n\n<p><strong>2005<br><\/strong>\u00c5t pastorn i Libelits f\u00f6rsamling Riitta M\u00e4ntyl\u00e4 f\u00f6r hennes aktiva verksamhet arkiven till fromma.<\/p>\n\n\n\n<p>HEDERSOMN\u00c4MNANDE<br>1. \u00c5t l\u00e4raren Raimo Laurila fr\u00e5n Janakkala f\u00f6r att han regelbundet h\u00e4mtat sina elever till Tavastehus landsarkiv och l\u00e4rt dem sl\u00e4ktforskning.<\/p>\n\n\n\n<p>2. \u00c5t \u00f6verinspekt\u00f6r Markku Lepp\u00e4nen f\u00f6r att han aktiv spritt information om arkivfr\u00e5gor till kollegerna.<\/p>\n\n\n\n<p><strong>2006<br><\/strong>Till Marjatta Sverloff f\u00f6r \u00f6verl\u00e5tande av skoltsamernas arkiv till Ule\u00e5borgs landsarkiv.<\/p>\n\n\n\n<p>HEDERSOMN\u00c4MNANDE<br>Till journalisten Ilkka Malmberg f\u00f6r hans artiklar i vilka han anv\u00e4nt sig av b\u00e5de arkiv och minneskunskap.<\/p>\n\n\n\n<p><strong>2007<br><\/strong>Till yrkesh\u00f6gskolan i S:t Michel f\u00f6r deras SAHA -utbildningsprojekt.<\/p>\n\n\n\n<p>HEDERSOMN\u00c4MNANDE<br>1. Till Jyv\u00e4skyl\u00e4 universitets \u00e4mne f\u00f6r litteratur f\u00f6r deras betydelsefulla donation av ljudband till SKS.<\/p>\n\n\n\n<p>2. Till Pekka Henttonen f\u00f6r hans doktorsavhandling Records, rules and speech acts \u2013 Archival principles and preservation of speech acts.<\/p>\n\n\n\n<p><strong>2008<br><\/strong>Till medlemmarna i sl\u00e4kten Lounela-L\u00f6nnrot f\u00f6r att de v\u00e4rnat om kulturarvet och donerat sl\u00e4ktens arkiv till SKS.<\/p>\n\n\n\n<p>HEDERSOMN\u00c4MNANDE<br>1. Till Martti Helminen (Helsingfors stadsarkiv) f\u00f6r att han spridit visuell kunskap om Helsingfors.<\/p>\n\n\n\n<p>2. Till Raija Majamaa (SKS) f\u00f6r hennes intresse f\u00f6r offentlighets- och upphovsr\u00e4ttsfr\u00e5gor samt f\u00f6r hennes insatser inom arkivsektorn.<br>SKS = Suomalaisen Kirjallisuuden Seura (Finska litteraturs\u00e4llskapet)<\/p>\n\n\n\n<p><strong>2009<br><\/strong>Till P\u00e4ivi Hovi-Wasastjerna och Berndt von Frenckell f\u00f6r \u00f6verl\u00e5tandet av Frenckellska&nbsp;tryckeriets handlingar till Centralarkivet f\u00f6r Finlands n\u00e4ringsliv i S:t Michel.<\/p>\n\n\n\n<p>HEDERSOMN\u00c4MNANDE<br>Till arkivchef Martti Lakio f\u00f6r sin livsg\u00e4rning inom arkivsektorn.<br><strong><br>2010<\/strong><\/p>\n\n\n\n<p>Till musikr\u00e5det Jukka Haavisto f\u00f6r hans banbrytande verksamhet till f\u00f6rm\u00e5n f\u00f6r kulturarvet inom jazz- och popmusiken.<\/p>\n\n\n\n<p>HEDERSOMN\u00c4MNANDE<br>1. Till journalisten Unto H\u00e4m\u00e4l\u00e4inen vid Helsingin Sanomat. F\u00f6r att han samlat ihop sina&nbsp;artiklar fr\u00e5n \u00e5ren 1984-2007 till klippb\u00f6cker och donerat dem till P\u00e4iv\u00e4lehtis arkiv.<\/p>\n\n\n\n<p>2. Till magister Marjukka Honkala f\u00f6r hennes 30 \u00e5r l\u00e5nga och aktiva arkivbana.<\/p>\n\n\n\n<p><strong>2011<br><\/strong>Till Kouvola stad f\u00f6r arkivhusprojektet Archium<br>Fastighets Ab Kouvola Archium l\u00e4t bygga utrymmen dit Kouvola nya stadsarkiv har koncentrerat de gamla&nbsp;stadsarkivet samt sina f\u00f6reg\u00e5ngares arkiv som tidigare f\u00f6rvarades p\u00e5 sex olika st\u00e4llen&nbsp;samt ytterligare hembygdsarkiven f\u00f6r &nbsp;Anjalakoski, Elim\u00e4ki och Valkeala.<\/p>\n\n\n\n<p>HEDERSOMN\u00c4MNANDE<br>Till docent Marianne Tallberg f\u00f6r hennes l\u00e5ngvariga, frivilliga arbete f\u00f6r att samla in och f\u00f6rteckna privatarkiv inom v\u00e5rdsektorn.<\/p>\n\n\n\n<p><strong>2012<br><\/strong>Till specialforskare Jukka Kukkonen f\u00f6r hans banbrytande arbete till f\u00f6rm\u00e5n f\u00f6r fotografihistorien och hans&nbsp;verksamhet inom bildarkiv -arbetet.<\/p>\n\n\n\n<p>HEDERSOMN\u00c4MNANDE<br>1. Till docent Tuula Juvonen f\u00f6r hennes idoga arbete f\u00f6r att samla in och bevara sexuella minoriteters arkiv.<br>2. Till fil.lic. Harri Hal\u00e9n f\u00f6r hans publikationsserie Unholan Aitta, vars artiklar grundar sig p\u00e5 l\u00e5ngsiktigt forskningsarbete inom arkiven.<\/p>\n\n\n\n<p><strong>2013<br><\/strong>Till Raimo Lehtim\u00e4ki, teknisk forskare vid polisinr\u00e4ttningen i Brahestad.&nbsp;F\u00f6r att han utvecklat, korrigerat och uppdaterat databasen <em>Avlidna i samband med krigen 1939-1945<\/em>.<\/p>\n\n\n\n<p>HEDERSOMN\u00c4MNANDE<br>Till fil. mag. Martti Favorin, som frivilligt i flera \u00e5rs tid ordnat och f\u00f6rtecknat viktiga privatarkiv i Riksarkivet.<\/p>\n\n\n\n<p><strong>2014<br><\/strong>Till intendent Susanna Eskola, amanuens Sari Mustaj\u00e4rvi och arkivarie Matti Mieskonen f\u00f6r deras v\u00e4rdefulla arbete f\u00f6r att r\u00e4dda och f\u00f6rteckna&nbsp;Valvillas fabriksmuseums arkiv.<\/p>\n\n\n\n<p>HEDERSOMN\u00c4MNANDE<br>1. Till Ville H\u00e4nninen och Jussi Karjalainen f\u00f6r den omfattande anv\u00e4ndningen av arkivmaterial i publikationen SARJATULTA! Sota-ajan suomalaiset pilapiirrokset ja sarjakuvat.<\/p>\n\n\n\n<p>2. Till koordinatorerna Sanna Marttila och&nbsp;Laura Sillanp\u00e4\u00e4 f\u00f6r arrangerandet av&nbsp;mestarkursen Avoin kulttuuridata.<\/p>\n\n\n\n<p><strong>2015<br><\/strong>Till Juuso Paaso och Juho H\u00e4nninen vid kulturf\u00f6reningen Oranssi r.f. f\u00f6r att ha f\u00f6rtecknat och digitaliserat f\u00f6reningens tidskriftsarkiv och d\u00e4rigenom gjort ca 300 punktidningar och d\u00e4rtill anknutna intervjuer tillg\u00e4ngliga f\u00f6r den stora allm\u00e4nheten.<\/p>\n\n\n\n<p>HEDERSOMN\u00c4MNANDE<br>1. Till arkivtidskriften Faili vars b\u00e5de inneh\u00e5ll och grafiska utformning f\u00f6rb\u00e4ttrats betydligt under de senaste \u00e5ren.<br>2. Till Pekka Henttonen f\u00f6r hans bok&nbsp;En inledning till forskningen inom dokumentf\u00f6rvaltningen (fri \u00f6vers.).<!--:--><\/p>\n\n\n\n<p><strong>2016<br><\/strong>Till Rundradion f\u00f6r dess donation av \u00f6nskebreven till radioprogrammet <em>Lauantain toivotut levyt<\/em> till Musiikkiarkisto JAPA. <em>Lauantain toivotut levyt<\/em> \u00e4r Rundradions \u00e4ldsta program som s\u00e4nts utan avbrott och som fram till b\u00f6rjan av 1960-talet var det enda radioprogrammet d\u00e4r det \u00e4ven spelades popularmusik. Den omfattande brevsamlingen inneh\u00e5ller lyssnarnas \u00f6nskebrev fr\u00e5n \u00e5ren 1935\u20132013. Arkivet \u00e4r en kulturhistoriskt v\u00e4rdefull samling som \u00f6ppnar d\u00f6rren till v\u00e4rlden bakom musik\u00f6nskningar.<\/p>\n\n\n\n<p>HEDERSOMN\u00c4MNANDE<br>1. Medarbetarna p\u00e5 Brages Pressarkivet, FM Viveka H\u00f6gn\u00e4s-Mellner och FM Gun Gr\u00f6nroos f\u00f6r deras arbete med tidningsarkivet. I Pressarkivet har samlats och registrerats svenskspr\u00e5kigt tidningsmaterial f\u00f6r en tidsperiod p\u00e5 \u00f6ver hundra \u00e5r.<br>2. Docent Ulla-Maija Peltonen f\u00f6r hennes verksamhet inom arkivf\u00e4ltet, s\u00e4rskilt utvecklingen av insamlandet av minneskunskap och historisk ber\u00e4ttartradition samt f\u00f6r hennes insatser i ledningen av Finska Litteraturs\u00e4llskapets arkiv.<br>3. FM Carl-Magnus Roos f\u00f6r hans l\u00e5ngvariga och aktiva verksamhet inom arkivf\u00e4ltet bl.a. inom Liikearkistoyhdistys och f\u00f6r hans insatser i flera historieprojekt inom Helsingfors stad.<\/p>\n\n\n\n<p><strong>2017<br><\/strong>\u00c5rets arkivg\u00e4rning pris uttdelades \u00e5t <strong>Helsingin Sanomat<\/strong> f\u00f6r den digitala <strong>Aikakone<\/strong> -arkivservicen. Aikakone inneh\u00e5ller \u00f6ver 30 000 faximiltidningar fr\u00e5n \u00e5ren 1904-1997. Arkivservicen, som erbjuds f\u00f6r de prenumeranter som best\u00e4llt den digitala tidningen, kan anses vara en kulturg\u00e4rning som v\u00e4l passar in p\u00e5 \u00e5rets tema Finland 100. Helsingin Sanomats historiska digitala tidningsarkiv underl\u00e4ttar forskarnas arbete och \u00f6kar allm\u00e4nhetens intresse f\u00f6r \u00e4ldre tidningar. Helsingin Sanomats tidningsarkiv \u00e4r ett unikt f\u00f6nster till 1900-talets samh\u00e4lle och dess inneh\u00e5ll ber\u00f6r en stor del av finl\u00e4ndare. Priset mottogs av redaktionschef Esa M\u00e4kinen, utvecklingschef Vesa Lindqvist och arkivets f\u00f6rman Jarkko Rahkonen.<\/p>\n\n\n\n<p><strong>2018<\/strong><br>Kommitt\u00e9n f\u00f6r Arkivens dag har valt <strong>Arkivet f\u00f6r muntlig historia med riksdagsveteranernas minnen<\/strong> till \u00e5rets arkivg\u00e4rning 2018.<\/p>\n\n\n\n<p>Projektet att samla in riksdagsveteranernas minnen via intervjuer har p\u00e5g\u00e5tt sedan 1988. Riksdagsm\u00e4n som suttit minst tv\u00e5 perioder i riksdagen, eller riksdagsm\u00e4n som gjort en anm\u00e4rkningsv\u00e4rd karri\u00e4r inom politiken, har intervjuats i syfte att samla in k\u00e4llmaterial f\u00f6r framtida forskning.<br>I b\u00f6rjan av 2018 hade intervjuernas och inspelningarnas antal uppg\u00e5tt till 400 samt 62 000 sidor utskriven text.<br>I intervjuerna har man str\u00e4vat efter likv\u00e4rdighet och representativitet, vilket resulterat i ett unikt material, \u00e4ven internationellt sett.<\/p>\n\n\n\n<p>HEDERSOMN\u00c4MNANDE<br>Kommitt\u00e9n f\u00f6r Arkivens dag ger d\u00e4rtill ett hedersomn\u00e4mnande till Riksarkivets, Helsingfors stadsarkivs och \u00c5bo stadsarkivs omfattande digitaliseringssamarbete med Family Search International.<\/p>\n\n\n\n<p><strong>2019<\/strong><\/p>\n\n\n\n<p>Kommitt\u00e9n f\u00f6r Arkivens dag uts\u00e5g verket <em>Demokratian muisti. Ty\u00f6v\u00e4en arkisto 110 vuotta<\/em>, som redigerats av forskarna&nbsp;<strong>Marjaliisa Hentil\u00e4<\/strong>&nbsp;och&nbsp;<strong>Mikko Kosunen<\/strong>, till&nbsp;<strong>\u00e5rets arkivg\u00e4rning 2019.<\/strong><\/p>\n\n\n\n<p>Hedersomn\u00e4mnande gavs till <strong>ABM-juridikgruppen<\/strong> f\u00f6r det grundliga och proaktiva arbete som gruppen gjort f\u00f6r att utreda kulturarvsmaterialets juridiska status.&nbsp;<\/p>\n\n\n\n<p><strong>2020<\/strong><\/p>\n\n\n\n<p>Prisn\u00e4mnden uts\u00e5g<strong> Nationella Audiovisuella Institutets f\u00f6rnyade och utvidgade n\u00e4ttj\u00e4nst Elonet<\/strong>&nbsp;(<a href=\"https:\/\/elonet.finna.fi\/\">https:\/\/elonet.finna.fi\/<\/a>)&nbsp;<strong>till \u00c5rets arkivg\u00e4rning 2020. <\/strong>Via Elonet kan vem som helst fritt ta del av ca 300 inhemska l\u00e5ngfilmer av de inalles ca 450 som institutet \u00e4ger. Det m\u00e5ng\u00e5riga arbetet med filmografisk insamling och nedtecknande av filmdata kombineras i Elonet med ett h\u00f6gklassigt digitaliserings- och restaureringsarbete.<\/p>\n\n\n\n<p>Prisn\u00e4mnden besl\u00f6t \u00e4ven att tilldela ett <strong>hedersomn\u00e4mnande till den n\u00e4tutg\u00e5va av rapporterna fr\u00e5n Finlands beskickningar 1918 \u2013 1945 (<a href=\"https:\/\/um.fi\/opendata\/raporttiarkisto\/1918\/\">https:\/\/um.fi\/opendata\/raporttiarkisto\/1918\/<\/a>) <\/strong>som utrikesministeriet publicerade i november 2019.<\/p>\n\n\n\n<p><strong>2021<\/strong><\/p>\n\n\n\n<p>Kommitt\u00e9n f\u00f6r Arkivens dag i Norden valde <strong>\u00f6verf\u00f6ringen av psykoterapicentret Vastaamos patientjournaler till Folkpensionsanstalten till \u00c5rets arkivg\u00e4rning 2021<\/strong>. Det omfattande projektet, som ut\u00f6ver mottagning och lagring av ett stort antal patientuppgifter \u00e4ven omfattar en specifik informationstj\u00e4nst vid FPA, belyser de utmaningar som manuell och elektronisk arkivering inneb\u00e4r idag. Att beakta s\u00e4rskilda kategorier av personuppgifter, datas\u00e4kerhet och dataskydd f\u00f6r personuppgifter har utgjort centrala delar av arbetsprocessen \u2013 aspekter som \u00e4r viktiga i dagens arkivarbete.<\/p>\n\n\n\n<p><strong>Kommitt\u00e9n tilldelade \u00e4ven tv\u00e5 hedersomn\u00e4mnanden. I sin ess\u00e4samling QUEERA MINNEN. Ess\u00e4er om tystnad, l\u00e4ngtan och motst\u00e5nd. Queera r\u00f6ster ur arkivens djup lyfter fil.dr. Rita Paqval\u00e9n <\/strong>fram n\u00e5gra personer som har v\u00e5gat trotsa samh\u00e4llets konventioner och normer under en tid d\u00e5 homosexuella handlingar var straffbara enligt finl\u00e4ndsk lag. Det andra hedersomn\u00e4mnande tilldelades <strong>Kansantalojen Liittos och Folkets arkivs samarbete f\u00f6r att ta tillvara f\u00f6reningshusens arkiv gick ut p\u00e5 att kartl\u00e4gga arkivmaterialet och f\u00e5 det f\u00f6rflyttat till Folkets arkiv<\/strong>.&nbsp;<\/p>\n\n\n\n<p><strong>2022<\/strong><\/p>\n\n\n\n<p><strong>\u00d6verl\u00e5tandet av f\u00f6reningsarkivet Romano Missio till Riksarkivet valdes till \u00c5rets arkivg\u00e4rning 2022<\/strong>. Det h\u00e4r betydande och omfattande arkivmaterialet som omsp\u00e4nner \u00e5ren 1904\u20132016 har hittills inte varit tillg\u00e4ngligt f\u00f6r forskare och andra av materialet intresserade.<\/p>\n\n\n\n<p><strong>\u00c5rets arkivg\u00e4rning -hedersomn\u00e4mnande 2022 tilldelades Digitalias och MikseiMikkelis utbildningsprojek<\/strong>t vilka p\u00e5 ett betydande s\u00e4tt har \u00f6kat kunskapen och yrkeskunskapen som beh\u00f6vs vid digitaliseringen av arkivering och dokumentf\u00f6rvaltning.<\/p>\n\n\n\n<p><strong>2023<\/strong><\/p>\n\n\n\n<p>\u00c5rets arkivg\u00e4rning-priset 2023 tilldelas \u00e5t <strong>Emil Santtu Uuttu och en arbetsgrupp f\u00f6r verket \u201dIhana tyt\u00e4r Erika \u2013 huomioita nimest\u00e4\u201d<\/strong>.<\/p>\n\n\n\n<p>\u00c5rets arkivg\u00e4rning-hedersomn\u00e4mnande 2023 tilldelas \u00e5t <strong>Finlands Hembygdsf\u00f6rbund f\u00f6r dataskyddsutbildningar \u00e5t hembygdsarkiven och f\u00f6r en utredning om hembygdsarkiv.<\/strong><\/p>\n\n\n\n<p><strong>2024<\/strong><\/p>\n\n\n\n<p>\u00c5rets arkivg\u00e4rning-priset 2024 tilldelas \u00e5t <strong>Maarit Tyrkk\u00f6.<\/strong><\/p>\n\n\n\n<p>\u00c5rets arkivg\u00e4rning-hedersomn\u00e4mnande 2023 tilldelas \u00e5t <strong>De Privata Centralarkiven rf.<\/strong><\/p>\n","protected":false},"excerpt":{"rendered":"<p>\u00c5rets arkivg\u00e4rning och ett d\u00e4rmed f\u00f6rknippat hedersomn\u00e4mnande har utdelats p\u00e5 f\u00f6ljande s\u00e4tt: 2004\u00c5t fru Irene Sorsa (postumt \u00e5t Kalevi Sorsa) f\u00f6r \u00f6verl\u00e5tande av Kalevi Sorsas arkiv till Arbetararkivet. RISTill tidskriften Parnasso f\u00f6r att dess arkiv av misstag hamnade p\u00e5 avstj\u00e4lpningsplatsen. 2005\u00c5t pastorn i Libelits f\u00f6rsamling Riitta M\u00e4ntyl\u00e4 f\u00f6r hennes aktiva verksamhet arkiven till fromma. HEDERSOMN\u00c4MNANDE1. [&hellip;]<\/p>\n","protected":false},"author":1,"featured_media":0,"parent":0,"menu_order":0,"comment_status":"closed","ping_status":"closed","template":"","meta":{"footnotes":""},"class_list":["post-516","page","type-page","status-publish","hentry"],"_links":{"self":[{"href":"https:\/\/musiikkiarkisto.fi\/ap\/index.php\/wp-json\/wp\/v2\/pages\/516","targetHints":{"allow":["GET"]}}],"collection":[{"href":"https:\/\/musiikkiarkisto.fi\/ap\/index.php\/wp-json\/wp\/v2\/pages"}],"about":[{"href":"https:\/\/musiikkiarkisto.fi\/ap\/index.php\/wp-json\/wp\/v2\/types\/page"}],"author":[{"embeddable":true,"href":"https:\/\/musiikkiarkisto.fi\/ap\/index.php\/wp-json\/wp\/v2\/users\/1"}],"replies":[{"embeddable":true,"href":"https:\/\/musiikkiarkisto.fi\/ap\/index.php\/wp-json\/wp\/v2\/comments?post=516"}],"version-history":[{"count":6,"href":"https:\/\/musiikkiarkisto.fi\/ap\/index.php\/wp-json\/wp\/v2\/pages\/516\/revisions"}],"predecessor-version":[{"id":1333,"href":"https:\/\/musiikkiarkisto.fi\/ap\/index.php\/wp-json\/wp\/v2\/pages\/516\/revisions\/1333"}],"wp:attachment":[{"href":"https:\/\/musiikkiarkisto.fi\/ap\/index.php\/wp-json\/wp\/v2\/media?parent=516"}],"curies":[{"name":"wp","href":"https:\/\/api.w.org\/{rel}","templated":true}]}}