{"id":467,"date":"2017-09-27T12:49:23","date_gmt":"2017-09-27T09:49:23","guid":{"rendered":"https:\/\/arkistojenpaiva.wordpress.com\/?page_id=467"},"modified":"2025-11-04T04:13:54","modified_gmt":"2025-11-04T04:13:54","slug":"arets_arkivgarning","status":"publish","type":"page","link":"https:\/\/musiikkiarkisto.fi\/ap\/index.php\/arets_arkivgarning\/","title":{"rendered":"\u00c5rets arkivg\u00e4rning"},"content":{"rendered":"<div class=\"wp-block-image\">\n<figure class=\"alignleft\"><img loading=\"lazy\" decoding=\"async\" width=\"911\" height=\"1200\" src=\"https:\/\/musiikkiarkisto.fi\/ap\/wp-content\/uploads\/2018\/10\/sls_445_sls_445_13.jpg\" alt=\"SLS_445_SLS_445_13\" class=\"wp-image-635\" srcset=\"https:\/\/musiikkiarkisto.fi\/ap\/wp-content\/uploads\/2018\/10\/sls_445_sls_445_13.jpg 911w, https:\/\/musiikkiarkisto.fi\/ap\/wp-content\/uploads\/2018\/10\/sls_445_sls_445_13-228x300.jpg 228w, https:\/\/musiikkiarkisto.fi\/ap\/wp-content\/uploads\/2018\/10\/sls_445_sls_445_13-777x1024.jpg 777w, https:\/\/musiikkiarkisto.fi\/ap\/wp-content\/uploads\/2018\/10\/sls_445_sls_445_13-768x1012.jpg 768w\" sizes=\"auto, (max-width: 911px) 100vw, 911px\" \/><\/figure>\n<\/div>\n\n\n<p>Sedan 2004 har vi i Finland valt ut och premierat \u00c5rets arkivg\u00e4rning. Med kampanjen vill vi lyfta fram handlingar som \u00e4r av vikt f\u00f6r arkiven och bel\u00f6na aktivitet, goda id\u00e9er och konkret arkivarbete. Vi \u00f6nskar ett livligt deltagande och rikligt med tips om betydelsefulla och viktiga arkivg\u00e4rningar, ocks\u00e5 med tanke p\u00e5 eventuella hedersomn\u00e4mnanden. Ocks\u00e5 sm\u00e5 men goda prestationer \u00e4r v\u00e4rda att n\u00e4mnas!<\/p>\n\n\n\n<p>P\u00e5verka och kom med ett f\u00f6rslag! Det kan g\u00e4lla personer eller grupper, som under senaste \u00e5r exempelvis:<\/p>\n\n\n\n<p>\u2022 \u00f6verl\u00e5tit betydelsefullt arkivmaterial<br>\n\u2022 arrangerat ett intressant arkivrelaterat evenemang<br>\n\u2022 utvecklat metoder inom arkivsektorn<br>\n\u2022 befr\u00e4mjat anv\u00e4ndningen av arkivmaterial<br>\n\u2022 befr\u00e4mjat arkivvetenskaplig forskning eller utbildning<br>\n\u2022 gjort arkivbranschen k\u00e4nd p\u00e5 n\u00e5got annat s\u00e4tt<\/p>\n\n\n\n<p><strong><a href=\"https:\/\/musiikkiarkisto.fi\/ap\/index.php\/2025\/11\/01\/vuoden-arkistoteko-2025-palkinnot-on-jaettu\/\" data-type=\"post\" data-id=\"1326\">\u00c5rets arkivg\u00e4rning 2025 har tilldelat.<\/a><\/strong><\/p>\n\n\n\n<p><a href=\"https:\/\/musiikkiarkisto.fi\/ap\/index.php\/arkivgarning-vinnare\/\">Tidigare vinnare av \u00c5rets arkivg\u00e4rning<\/a><!--:--><\/p>\n\n\n\n<p><a href=\"https:\/\/musiikkiarkisto.fi\/ap\/index.php\/hem\/bilder\/\">Bilder av tidigare vinnare<\/a><\/p>\n\n\n\n<h6 class=\"wp-block-heading\"><\/h6>\n\n\n\n<p><em>Foto: Maximilian Stejskal 1932. SLS 445. Svenska litteraturs\u00e4llskapet i Finland.<\/em><\/p>\n","protected":false},"excerpt":{"rendered":"<p>Sedan 2004 har vi i Finland valt ut och premierat \u00c5rets arkivg\u00e4rning. Med kampanjen vill vi lyfta fram handlingar som \u00e4r av vikt f\u00f6r arkiven och bel\u00f6na aktivitet, goda id\u00e9er och konkret arkivarbete. Vi \u00f6nskar ett livligt deltagande och rikligt med tips om betydelsefulla och viktiga arkivg\u00e4rningar, ocks\u00e5 med tanke p\u00e5 eventuella hedersomn\u00e4mnanden. Ocks\u00e5 sm\u00e5 [&hellip;]<\/p>\n","protected":false},"author":1,"featured_media":0,"parent":0,"menu_order":0,"comment_status":"closed","ping_status":"closed","template":"","meta":{"footnotes":""},"class_list":["post-467","page","type-page","status-publish","hentry"],"_links":{"self":[{"href":"https:\/\/musiikkiarkisto.fi\/ap\/index.php\/wp-json\/wp\/v2\/pages\/467","targetHints":{"allow":["GET"]}}],"collection":[{"href":"https:\/\/musiikkiarkisto.fi\/ap\/index.php\/wp-json\/wp\/v2\/pages"}],"about":[{"href":"https:\/\/musiikkiarkisto.fi\/ap\/index.php\/wp-json\/wp\/v2\/types\/page"}],"author":[{"embeddable":true,"href":"https:\/\/musiikkiarkisto.fi\/ap\/index.php\/wp-json\/wp\/v2\/users\/1"}],"replies":[{"embeddable":true,"href":"https:\/\/musiikkiarkisto.fi\/ap\/index.php\/wp-json\/wp\/v2\/comments?post=467"}],"version-history":[{"count":15,"href":"https:\/\/musiikkiarkisto.fi\/ap\/index.php\/wp-json\/wp\/v2\/pages\/467\/revisions"}],"predecessor-version":[{"id":1336,"href":"https:\/\/musiikkiarkisto.fi\/ap\/index.php\/wp-json\/wp\/v2\/pages\/467\/revisions\/1336"}],"wp:attachment":[{"href":"https:\/\/musiikkiarkisto.fi\/ap\/index.php\/wp-json\/wp\/v2\/media?parent=467"}],"curies":[{"name":"wp","href":"https:\/\/api.w.org\/{rel}","templated":true}]}}