{"id":348,"date":"2017-05-09T14:27:00","date_gmt":"2017-05-09T11:27:00","guid":{"rendered":"https:\/\/arkistojenpaiva.wordpress.com\/?page_id=348"},"modified":"2023-08-21T04:58:49","modified_gmt":"2023-08-21T04:58:49","slug":"bilder","status":"publish","type":"page","link":"https:\/\/musiikkiarkisto.fi\/ap\/index.php\/bilder\/","title":{"rendered":"Bilder"},"content":{"rendered":"\n<p>Pristagare 2022<\/p>\n\n\n\n<figure class=\"wp-block-image size-large\"><img loading=\"lazy\" decoding=\"async\" width=\"1024\" height=\"781\" src=\"https:\/\/musiikkiarkisto.fi\/ap\/wp-content\/uploads\/2022\/11\/20221111_142544-01-1024x781.jpeg\" alt=\"\" class=\"wp-image-1151\" srcset=\"https:\/\/musiikkiarkisto.fi\/ap\/wp-content\/uploads\/2022\/11\/20221111_142544-01-1024x781.jpeg 1024w, https:\/\/musiikkiarkisto.fi\/ap\/wp-content\/uploads\/2022\/11\/20221111_142544-01-300x229.jpeg 300w, https:\/\/musiikkiarkisto.fi\/ap\/wp-content\/uploads\/2022\/11\/20221111_142544-01-768x586.jpeg 768w, https:\/\/musiikkiarkisto.fi\/ap\/wp-content\/uploads\/2022\/11\/20221111_142544-01-1536x1171.jpeg 1536w, https:\/\/musiikkiarkisto.fi\/ap\/wp-content\/uploads\/2022\/11\/20221111_142544-01-2048x1562.jpeg 2048w, https:\/\/musiikkiarkisto.fi\/ap\/wp-content\/uploads\/2022\/11\/20221111_142544-01-1200x915.jpeg 1200w, https:\/\/musiikkiarkisto.fi\/ap\/wp-content\/uploads\/2022\/11\/20221111_142544-01-1980x1510.jpeg 1980w\" sizes=\"auto, (max-width: 1024px) 100vw, 1024px\" \/><figcaption class=\"wp-element-caption\">Kati Saltiola (Xamk), Risto Blomster (SKS), Tuula \u00c5kerlund (Romano Missio), Pia Kara (Romano Missio). Kuvaaja: Mervi Limnell.<\/figcaption><\/figure>\n\n\n\n<p>Pristagare 2021<\/p>\n\n\n\n<figure class=\"wp-block-image size-large\"><img decoding=\"async\" src=\"https:\/\/musiikkiarkisto.fi\/ap\/wp-content\/uploads\/2021\/11\/voittajat2021-1.jpg?w=1024\" alt=\"\" class=\"wp-image-967\"\/><figcaption class=\"wp-element-caption\">Fr\u00e5n v\u00e4nster: FPA:s representant Mira S. Heiskanen, fil.dr. Rita Paqval\u00e9n, Riku Ahola, verksamhetsledare p\u00e5 Kansantalot, Anu J\u00e4rvel\u00e4inen ja Marita Jalkanen, chef f\u00f6r Folkets Arkiv. Foto: Marja Piiroinen-Honkanen<\/figcaption><\/figure>\n\n\n\n<p>Pristagare 2020<\/p>\n\n\n\n<figure class=\"wp-block-gallery has-nested-images columns-default is-cropped wp-block-gallery-1 is-layout-flex wp-block-gallery-is-layout-flex\">\n<figure class=\"wp-block-image size-large\"><img decoding=\"async\" data-id=\"898\" src=\"https:\/\/musiikkiarkisto.fi\/ap\/wp-content\/uploads\/2020\/10\/perttihakala-3.jpg?w=1024\" alt=\"\" class=\"wp-image-898\"\/><\/figure>\n\n\n\n<figure class=\"wp-block-image size-large\"><img decoding=\"async\" data-id=\"899\" src=\"https:\/\/musiikkiarkisto.fi\/ap\/wp-content\/uploads\/2020\/10\/mattilukkarila-3.jpg?w=1024\" alt=\"\" class=\"wp-image-899\"\/><\/figure>\n\n\n\n<figure class=\"wp-block-image size-large\"><img decoding=\"async\" data-id=\"900\" src=\"https:\/\/musiikkiarkisto.fi\/ap\/wp-content\/uploads\/2020\/10\/pekkatahtinen-3.jpg?w=1024\" alt=\"\" class=\"wp-image-900\"\/><\/figure>\n<figcaption class=\"blocks-gallery-caption wp-element-caption\">Arkivf\u00f6rbundets h\u00f6stseminarium 30.10.2020 \u00e4gde rum via zoom.<br>Fr\u00e5n v\u00e4nster ordf\u00f6rande f\u00f6r Arkivens dag-kommitt\u00e9n Pertti Hakala, i mitten arkivchef Matti Lukkarila, Kavi, och till h\u00f6ger specialplanerare Pekka T\u00e4htinen, Kavi.<\/figcaption><\/figure>\n\n\n<p><img loading=\"lazy\" decoding=\"async\" src=\"https:\/\/musiikkiarkisto.fi\/ap\/wp-content\/uploads\/2019\/11\/voittajat2019.jpg\" alt=\"voittajat 2019\" width=\"5184\" height=\"3888\" class=\"alignnone size-full wp-image-821\"><!--:fi--><\/p>\n<p>Pristagare 2019:<br \/>\nFr\u00e5n v\u00e4nster: Petri Tanskanen fr\u00e5n Arbetararkivet, forskare Mikko Kosunen och forskare Marjaliisa Hentil\u00e4 (\u00c5rets arkivg\u00e4rning) samt representanterna f\u00f6r ABM-juridikgruppen Juha Henriksson och Jonas L\u00e5ng (Hedersomn\u00e4mnande). Foto: Pirkko Taskinen. <\/p>\n<p><img decoding=\"async\" src=\"https:\/\/musiikkiarkisto.fi\/ap\/wp-content\/uploads\/2018\/11\/neljavoittajaa.jpg?w=648\" alt=\"neljavoittajaa\"><\/p>\n<p>Pristagare 2018:<br \/>\nFr\u00e5n v\u00e4nster: Antti Virrankoski, Joni Krekola och Jari Suutari fr\u00e5n<br \/>\nRiksdagens bibliotek (\u00c5rets arkivg\u00e4rning) samt Jussi J\u00e4\u00e4skel\u00e4inen fr\u00e5n Helsingfors stadsarkiv (Hedersomn\u00e4mnande). Foto: Pekka Anttonen.<\/p>\n<p><!--:--><\/p>","protected":false},"excerpt":{"rendered":"<p>Pristagare 2022 Pristagare 2021 Pristagare 2020 Pristagare 2019: Fr\u00e5n v\u00e4nster: Petri Tanskanen fr\u00e5n Arbetararkivet, forskare Mikko Kosunen och forskare Marjaliisa Hentil\u00e4 (\u00c5rets arkivg\u00e4rning) samt representanterna f\u00f6r ABM-juridikgruppen Juha Henriksson och Jonas L\u00e5ng (Hedersomn\u00e4mnande). Foto: Pirkko Taskinen. Pristagare 2018: Fr\u00e5n v\u00e4nster: Antti Virrankoski, Joni Krekola och Jari Suutari fr\u00e5n Riksdagens bibliotek (\u00c5rets arkivg\u00e4rning) samt Jussi J\u00e4\u00e4skel\u00e4inen [&hellip;]<\/p>\n","protected":false},"author":1,"featured_media":0,"parent":0,"menu_order":0,"comment_status":"closed","ping_status":"closed","template":"page-templates\/grid-page.php","meta":{"footnotes":""},"class_list":["post-348","page","type-page","status-publish","hentry"],"_links":{"self":[{"href":"https:\/\/musiikkiarkisto.fi\/ap\/index.php\/wp-json\/wp\/v2\/pages\/348","targetHints":{"allow":["GET"]}}],"collection":[{"href":"https:\/\/musiikkiarkisto.fi\/ap\/index.php\/wp-json\/wp\/v2\/pages"}],"about":[{"href":"https:\/\/musiikkiarkisto.fi\/ap\/index.php\/wp-json\/wp\/v2\/types\/page"}],"author":[{"embeddable":true,"href":"https:\/\/musiikkiarkisto.fi\/ap\/index.php\/wp-json\/wp\/v2\/users\/1"}],"replies":[{"embeddable":true,"href":"https:\/\/musiikkiarkisto.fi\/ap\/index.php\/wp-json\/wp\/v2\/comments?post=348"}],"version-history":[{"count":2,"href":"https:\/\/musiikkiarkisto.fi\/ap\/index.php\/wp-json\/wp\/v2\/pages\/348\/revisions"}],"predecessor-version":[{"id":1198,"href":"https:\/\/musiikkiarkisto.fi\/ap\/index.php\/wp-json\/wp\/v2\/pages\/348\/revisions\/1198"}],"wp:attachment":[{"href":"https:\/\/musiikkiarkisto.fi\/ap\/index.php\/wp-json\/wp\/v2\/media?parent=348"}],"curies":[{"name":"wp","href":"https:\/\/api.w.org\/{rel}","templated":true}]}}