{"id":346,"date":"2017-05-09T14:25:51","date_gmt":"2017-05-09T11:25:51","guid":{"rendered":"https:\/\/arkistojenpaiva.wordpress.com\/?page_id=346"},"modified":"2025-06-16T08:40:19","modified_gmt":"2025-06-16T08:40:19","slug":"arbetsgrupp","status":"publish","type":"page","link":"https:\/\/musiikkiarkisto.fi\/ap\/index.php\/arbetsgrupp\/","title":{"rendered":"Arbetsgrupp"},"content":{"rendered":"\n<p><strong>Lena Karhu, <\/strong>ordf,<strong> <\/strong>Svenska centralarkivet<br><a href=\"mailto:lena.karhu@svenskacentralarkivet.fi\">lena.karhu(at)svenskacentralarkivet.fi<\/a><\/p>\n\n\n\n<p><strong>Maria Vainio-Kurtakko, <\/strong>Svenska litteraturs\u00e4llskapet i Finland<br><a href=\"mailto:maria.vainio-kurtakko@sls.fi\">maria.vainio-kurtakko(at)sls.fi<\/a><\/p>\n\n\n\n<p><strong>Marja Piiroinen-Honkanen,<\/strong> Arkivf\u00f6reningen<br><a href=\"mailto:marja.piiroinen-honkanen@poliisi.fi\">Marja.Piiroinen-Honkanen(at)poliisi.fi<\/a><\/p>\n\n\n\n<p><strong>Tarja Soiniola,<\/strong> Finska Litteraturs\u00e4llskapet<br><a href=\"mailto:tarja.soiniola@finlit.fi\">tarja.soiniola(at)finlit.fi<\/a><\/p>\n\n\n\n<p><strong>Marjut Vuorinen<\/strong>, Finnish Business Archive Association<br><a href=\"marjut.vuorinen@thl.fi\" data-type=\"link\" data-id=\"marjut.vuorinen@thl.fi\">marjut.vuorinen(at)thl.fi<\/a><\/p>\n\n\n\n<p><strong>Marita Jalkanen<\/strong>, Folkets Arkiv<br><a href=\"mailto:marita.jalkanen@kansanarkisto.fi\">marita.jalkanen(at)kansanarkisto.fi<\/a><\/p>\n\n\n\n<p><strong>Jouni Ahmaj\u00e4rvi<\/strong>, Nationalbiblioteket<br><a href=\"mailto:jouni.ahmajarvi@helsinki.fi\">jouni.ahmajarvi(at)helsinki.fi<\/a><\/p>\n\n\n\n<p><\/p>\n","protected":false},"excerpt":{"rendered":"<p>Lena Karhu, ordf, Svenska centralarkivetlena.karhu(at)svenskacentralarkivet.fi Maria Vainio-Kurtakko, Svenska litteraturs\u00e4llskapet i Finlandmaria.vainio-kurtakko(at)sls.fi Marja Piiroinen-Honkanen, Arkivf\u00f6reningenMarja.Piiroinen-Honkanen(at)poliisi.fi Tarja Soiniola, Finska Litteraturs\u00e4llskapettarja.soiniola(at)finlit.fi Marjut Vuorinen, Finnish Business Archive Associationmarjut.vuorinen(at)thl.fi Marita Jalkanen, Folkets Arkivmarita.jalkanen(at)kansanarkisto.fi Jouni Ahmaj\u00e4rvi, Nationalbiblioteketjouni.ahmajarvi(at)helsinki.fi<\/p>\n","protected":false},"author":1,"featured_media":0,"parent":0,"menu_order":0,"comment_status":"closed","ping_status":"closed","template":"","meta":{"footnotes":""},"class_list":["post-346","page","type-page","status-publish","hentry"],"_links":{"self":[{"href":"https:\/\/musiikkiarkisto.fi\/ap\/index.php\/wp-json\/wp\/v2\/pages\/346","targetHints":{"allow":["GET"]}}],"collection":[{"href":"https:\/\/musiikkiarkisto.fi\/ap\/index.php\/wp-json\/wp\/v2\/pages"}],"about":[{"href":"https:\/\/musiikkiarkisto.fi\/ap\/index.php\/wp-json\/wp\/v2\/types\/page"}],"author":[{"embeddable":true,"href":"https:\/\/musiikkiarkisto.fi\/ap\/index.php\/wp-json\/wp\/v2\/users\/1"}],"replies":[{"embeddable":true,"href":"https:\/\/musiikkiarkisto.fi\/ap\/index.php\/wp-json\/wp\/v2\/comments?post=346"}],"version-history":[{"count":7,"href":"https:\/\/musiikkiarkisto.fi\/ap\/index.php\/wp-json\/wp\/v2\/pages\/346\/revisions"}],"predecessor-version":[{"id":1290,"href":"https:\/\/musiikkiarkisto.fi\/ap\/index.php\/wp-json\/wp\/v2\/pages\/346\/revisions\/1290"}],"wp:attachment":[{"href":"https:\/\/musiikkiarkisto.fi\/ap\/index.php\/wp-json\/wp\/v2\/media?parent=346"}],"curies":[{"name":"wp","href":"https:\/\/api.w.org\/{rel}","templated":true}]}}