{"id":329,"date":"2017-05-09T14:18:27","date_gmt":"2017-05-09T11:18:27","guid":{"rendered":"https:\/\/arkistojenpaiva.wordpress.com\/?page_id=329"},"modified":"2023-06-22T07:54:54","modified_gmt":"2023-06-22T07:54:54","slug":"arkivens-dag-i-norden","status":"publish","type":"page","link":"https:\/\/musiikkiarkisto.fi\/ap\/index.php\/arkivens-dag-i-norden\/","title":{"rendered":"Arkivens dag i Norden"},"content":{"rendered":"<p><img loading=\"lazy\" decoding=\"async\" class=\"  wp-image-645 alignleft\" src=\"https:\/\/musiikkiarkisto.fi\/ap\/wp-content\/uploads\/2018\/10\/sls_445_sls_445_25-1.jpg\" alt=\"Foto: Maximilian Stejskal 1932. Svenska litteraturs\u00e4llskapet i Finland.\" width=\"499\" height=\"398\" srcset=\"https:\/\/musiikkiarkisto.fi\/ap\/wp-content\/uploads\/2018\/10\/sls_445_sls_445_25-1.jpg 1200w, https:\/\/musiikkiarkisto.fi\/ap\/wp-content\/uploads\/2018\/10\/sls_445_sls_445_25-1-300x239.jpg 300w, https:\/\/musiikkiarkisto.fi\/ap\/wp-content\/uploads\/2018\/10\/sls_445_sls_445_25-1-1024x816.jpg 1024w, https:\/\/musiikkiarkisto.fi\/ap\/wp-content\/uploads\/2018\/10\/sls_445_sls_445_25-1-768x612.jpg 768w\" sizes=\"auto, (max-width: 499px) 100vw, 499px\" \/><\/p>\n<h6><\/h6>\n<h6><\/h6>\n<h6><\/h6>\n<h6><\/h6>\n<h6><\/h6>\n<h6><\/h6>\n<h6><\/h6>\n<h6><\/h6>\n<h6><\/h6>\n<h6><\/h6>\n<h6><\/h6>\n<p><em>Foto: Maximilian Stejskal 1932. SLS 445. Svenska litteraturs\u00e4llskapet i Finland.<\/em><\/p>\n<p style=\"font-weight: 400;\">Arkivens dag lyfter fram arkiven och deras verksamhet. M\u00e5ls\u00e4ttningen med temadagen \u00e4r att \u00f6ka forskarnas och medborgarnas \u00a0intresse f\u00f6r dokument och data som arkiveras,\u00a0 att ge dem synlighet och att fr\u00e4mja diskussion kring behovet av att bevara olika typer av dokument och handlingar.<\/p>\n<p style=\"font-weight: 400;\">Arkivens dag som firas i hela Norden betonar ocks\u00e5 arkivens roll som bevarare och fr\u00e4mjare av den fria nordiska samh\u00e4llsmodellen.<\/p>\n<p style=\"font-weight: 400;\">Under Arkivens dag har arkiven tillf\u00e4lle att h\u00f6ja sin profil och informera om sin betydelse som f\u00f6rvaltare av kunskap och information, som samh\u00e4llets minne och som kulturinstitutioner. Arkiven firar temadagen med att ordna olika slags evenemang bl.a.\u00f6ppet hus, utst\u00e4llningar och f\u00f6redrag.<\/p>\n<p>Arkivens dag har firats i Sverige sedan 1998. Numera firas den \u00e5rligen\u00a0i hela Norden kring ett varierande tema.<\/p>\n<h2>Arkivens dag i Finland<\/h2>\n<p>I Finland har Arkivens dag firats fr\u00e5n och med 2002. Vart tredje \u00e5r har det funnits ett gemensamt tema f\u00f6r alla nordiska l\u00e4nder, men fr.o.m. 2019 \u00e4r temat gemensamt vartannat \u00e5r i Norden.<\/p>\n<p style=\"font-weight: 400;\">Arkivens dag firas den andra l\u00f6rdagen i november. Tidpunkten \u00e4r inte bindande -dagen kan alldeles bra firas till exempel under en vardag veckan f\u00f6re eller den efterf\u00f6ljande veckan.<\/p>\n<p>Valet av \u00c5rets arkivg\u00e4rning h\u00f6r i Finland intensivt ihop med Arkivens dag. Jippot startade \u00e5r 2004. Se mera information p\u00e5 sidan <a title=\"Vuoden arkistoteko\" href=\"https:\/\/musiikkiarkisto.fi\/ap\/index.php\/arets_arkivgarning\/\">\u00c5rets arkivg\u00e4rning.<\/a><\/p>\n<h5>Kom med och fira Arkivens dag och bekanta dig med den levande historien!<!--:--><\/h5>\n","protected":false},"excerpt":{"rendered":"<p>Foto: Maximilian Stejskal 1932. SLS 445. Svenska litteraturs\u00e4llskapet i Finland. Arkivens dag lyfter fram arkiven och deras verksamhet. M\u00e5ls\u00e4ttningen med temadagen \u00e4r att \u00f6ka forskarnas och medborgarnas \u00a0intresse f\u00f6r dokument och data som arkiveras,\u00a0 att ge dem synlighet och att fr\u00e4mja diskussion kring behovet av att bevara olika typer av dokument och handlingar. Arkivens dag [&hellip;]<\/p>\n","protected":false},"author":1,"featured_media":0,"parent":0,"menu_order":0,"comment_status":"closed","ping_status":"closed","template":"","meta":{"footnotes":""},"class_list":["post-329","page","type-page","status-publish","hentry"],"_links":{"self":[{"href":"https:\/\/musiikkiarkisto.fi\/ap\/index.php\/wp-json\/wp\/v2\/pages\/329","targetHints":{"allow":["GET"]}}],"collection":[{"href":"https:\/\/musiikkiarkisto.fi\/ap\/index.php\/wp-json\/wp\/v2\/pages"}],"about":[{"href":"https:\/\/musiikkiarkisto.fi\/ap\/index.php\/wp-json\/wp\/v2\/types\/page"}],"author":[{"embeddable":true,"href":"https:\/\/musiikkiarkisto.fi\/ap\/index.php\/wp-json\/wp\/v2\/users\/1"}],"replies":[{"embeddable":true,"href":"https:\/\/musiikkiarkisto.fi\/ap\/index.php\/wp-json\/wp\/v2\/comments?post=329"}],"version-history":[{"count":4,"href":"https:\/\/musiikkiarkisto.fi\/ap\/index.php\/wp-json\/wp\/v2\/pages\/329\/revisions"}],"predecessor-version":[{"id":1172,"href":"https:\/\/musiikkiarkisto.fi\/ap\/index.php\/wp-json\/wp\/v2\/pages\/329\/revisions\/1172"}],"wp:attachment":[{"href":"https:\/\/musiikkiarkisto.fi\/ap\/index.php\/wp-json\/wp\/v2\/media?parent=329"}],"curies":[{"name":"wp","href":"https:\/\/api.w.org\/{rel}","templated":true}]}}