{"id":27,"date":"2011-07-06T03:43:11","date_gmt":"2011-07-06T03:43:11","guid":{"rendered":"http:\/\/www.archives.local\/?page_id=8"},"modified":"2023-06-22T07:55:36","modified_gmt":"2023-06-22T07:55:36","slug":"pohjoismainen-arkistojen-paiva-2","status":"publish","type":"page","link":"https:\/\/musiikkiarkisto.fi\/ap\/index.php\/pohjoismainen-arkistojen-paiva-2\/","title":{"rendered":"Pohjoismainen arkistojen p\u00e4iv\u00e4"},"content":{"rendered":"<p><img loading=\"lazy\" decoding=\"async\" class=\"alignnone  wp-image-645\" src=\"https:\/\/musiikkiarkisto.fi\/ap\/wp-content\/uploads\/2018\/10\/sls_445_sls_445_25-1.jpg\" alt=\"Foto: Maximilian Stejskal 1932. Svenska litteraturs\u00e4llskapet i Finland.\" width=\"564\" height=\"450\" srcset=\"https:\/\/musiikkiarkisto.fi\/ap\/wp-content\/uploads\/2018\/10\/sls_445_sls_445_25-1.jpg 1200w, https:\/\/musiikkiarkisto.fi\/ap\/wp-content\/uploads\/2018\/10\/sls_445_sls_445_25-1-300x239.jpg 300w, https:\/\/musiikkiarkisto.fi\/ap\/wp-content\/uploads\/2018\/10\/sls_445_sls_445_25-1-1024x816.jpg 1024w, https:\/\/musiikkiarkisto.fi\/ap\/wp-content\/uploads\/2018\/10\/sls_445_sls_445_25-1-768x612.jpg 768w\" sizes=\"auto, (max-width: 564px) 100vw, 564px\" \/><\/p>\n<p><em>Foto: Maximilian Stejskal 1932. SLS 445. Svenska litteraturs\u00e4llskapet i Finland.<\/em><\/p>\n<p style=\"font-weight: 400;\">Arkistojen p\u00e4iv\u00e4 nostaa esille arkistot ja niiden toiminnan. Teemap\u00e4iv\u00e4n tavoitteena on lis\u00e4t\u00e4 tutkijoiden ja kansalaisten kiinnostusta arkistoitaviin tietoaineistoihin, tuoda niit\u00e4 n\u00e4kyville sek\u00e4 edist\u00e4\u00e4 keskustelua erilaisten tietoaineistojen s\u00e4ilytt\u00e4mistarpeista. Kaikissa Pohjoismaissa j\u00e4rjestett\u00e4v\u00e4 Arkistojen p\u00e4iv\u00e4 my\u00f6s korostaa arkistojen roolia vapaan pohjoismaisen yhteiskuntamuodon s\u00e4ilytt\u00e4jin\u00e4 ja edist\u00e4jin\u00e4.<\/p>\n<p style=\"font-weight: 400;\">Arkistojen p\u00e4iv\u00e4n\u00e4 arkistoilla on mahdollisuus kohottaa profiiliaan ja tiedottaa merkityksest\u00e4\u00e4n tiedon s\u00e4ilytt\u00e4j\u00e4n\u00e4 ja yhteiskunnan muistina sek\u00e4 kulttuurilaitoksina. Teemap\u00e4iv\u00e4n\u00e4 arkistot j\u00e4rjest\u00e4v\u00e4t erilaisia tapahtumia, avointen ovien p\u00e4ivi\u00e4, n\u00e4yttelyit\u00e4 ja esitelm\u00e4tilaisuuksia.<\/p>\n<p style=\"font-weight: 400;\">Arkistojen p\u00e4iv\u00e4\u00e4 vietet\u00e4\u00e4n marraskuun toisena lauantaina. Ajankohta ei ole sitova \u2013 p\u00e4iv\u00e4\u00e4 voi hyvin viett\u00e4\u00e4 esimerkiksi jonain arkip\u00e4iv\u00e4n\u00e4 edelt\u00e4v\u00e4ll\u00e4 tai seuraavalla viikolla.<\/p>\n<p style=\"font-weight: 400;\">ohjoismaissa j\u00e4rjestett\u00e4v\u00e4 Arkistojen p\u00e4iv\u00e4 my\u00f6s korostaa arkistojen roolia vapaan pohjoismaisen yhteiskuntamuodon s\u00e4ilytt\u00e4jin\u00e4 ja edist\u00e4jin\u00e4.<\/p>\n<p>Arkistojen p\u00e4iv\u00e4 j\u00e4rjestet\u00e4\u00e4n pohjoismaisten arkistojen yhteisty\u00f6n\u00e4. P\u00e4iv\u00e4n tarkoituksena on saada arkistot ja niiden toiminta kansalaisten tietoisuuteen sek\u00e4 korostaa niiden roolia vapaan pohjoismaisen yhteiskuntamuodon s\u00e4ilytt\u00e4jin\u00e4 ja edist\u00e4jin\u00e4.<\/p>\n<p>Arkistojen p\u00e4iv\u00e4n\u00e4 arkistoilla on mahdollisuus nostaa profiiliaan ja tiedottaa merkityksest\u00e4\u00e4n tiedon s\u00e4ilytt\u00e4j\u00e4n\u00e4 ja yhteiskunnan muistina sek\u00e4 kulttuurilaitoksina. Arkistojen p\u00e4iv\u00e4n\u00e4 arkistot j\u00e4rjest\u00e4v\u00e4t erilaisia tapahtumia, avointen ovien p\u00e4ivi\u00e4, n\u00e4yttelyit\u00e4 ja esitelm\u00e4tilaisuuksia.<\/p>\n<p>Arkistojen p\u00e4iv\u00e4n vietto alkoi Ruotsissa 1998, ja nykyisin sit\u00e4 vietet\u00e4\u00e4n vuosittain\u00a0kaikissa Pohjoismaissa.<\/p>\n<h2>Arkistojen p\u00e4iv\u00e4 Suomessa<\/h2>\n<p>Suomessa arkistojen p\u00e4iv\u00e4\u00e4 on vietetty vuodesta 2002. Pyrkimyksen\u00e4 on, ett\u00e4 joka kolmas vuosi kaikilla pohjoismailla on yhteinen teema, v\u00e4livuosina jokainen maa valitsee teemansa itse. Vuodesta 2019 teema on joka toinen vuosi yhteinen kaikissa Pohjoismaissa.<\/p>\n<p>Arkistojen p\u00e4iv\u00e4\u00e4 vietet\u00e4\u00e4n marraskuun toisena lauantaina. Ajankohta ei ole sitova, p\u00e4iv\u00e4\u00e4 voi hyvin viett\u00e4\u00e4 esimerkiksi jonain arkip\u00e4iv\u00e4n\u00e4 edelt\u00e4v\u00e4ll\u00e4 tai seuraavalla viikolla.<\/p>\n<p>Vuoden arkistoteko ja sen valinta kuuluu Suomessa tiiviisti Arkistojen p\u00e4iv\u00e4n yhteyteen. Tempaus aloitettiin vuonna 2004. Ks. lis\u00e4\u00e4 tietoa sivusta <a title=\"Vuoden arkistoteko\" href=\"https:\/\/musiikkiarkisto.fi\/ap\/index.php\/pohjoismainen-arkistojen-paiva\/vuoden-arkistoteko\/\">Vuoden arkistoteko.<\/a><\/p>\n<h5>Tule mukaan viett\u00e4m\u00e4\u00e4n Arkistojen p\u00e4iv\u00e4\u00e4 ja tutustumaan el\u00e4v\u00e4\u00e4n historiaan!<\/h5>\n","protected":false},"excerpt":{"rendered":"<p>Foto: Maximilian Stejskal 1932. SLS 445. Svenska litteraturs\u00e4llskapet i Finland. Arkistojen p\u00e4iv\u00e4 nostaa esille arkistot ja niiden toiminnan. Teemap\u00e4iv\u00e4n tavoitteena on lis\u00e4t\u00e4 tutkijoiden ja kansalaisten kiinnostusta arkistoitaviin tietoaineistoihin, tuoda niit\u00e4 n\u00e4kyville sek\u00e4 edist\u00e4\u00e4 keskustelua erilaisten tietoaineistojen s\u00e4ilytt\u00e4mistarpeista. Kaikissa Pohjoismaissa j\u00e4rjestett\u00e4v\u00e4 Arkistojen p\u00e4iv\u00e4 my\u00f6s korostaa arkistojen roolia vapaan pohjoismaisen yhteiskuntamuodon s\u00e4ilytt\u00e4jin\u00e4 ja edist\u00e4jin\u00e4. Arkistojen p\u00e4iv\u00e4n\u00e4 arkistoilla [&hellip;]<\/p>\n","protected":false},"author":1,"featured_media":0,"parent":0,"menu_order":0,"comment_status":"closed","ping_status":"closed","template":"","meta":{"footnotes":""},"class_list":["post-27","page","type-page","status-publish","hentry"],"_links":{"self":[{"href":"https:\/\/musiikkiarkisto.fi\/ap\/index.php\/wp-json\/wp\/v2\/pages\/27","targetHints":{"allow":["GET"]}}],"collection":[{"href":"https:\/\/musiikkiarkisto.fi\/ap\/index.php\/wp-json\/wp\/v2\/pages"}],"about":[{"href":"https:\/\/musiikkiarkisto.fi\/ap\/index.php\/wp-json\/wp\/v2\/types\/page"}],"author":[{"embeddable":true,"href":"https:\/\/musiikkiarkisto.fi\/ap\/index.php\/wp-json\/wp\/v2\/users\/1"}],"replies":[{"embeddable":true,"href":"https:\/\/musiikkiarkisto.fi\/ap\/index.php\/wp-json\/wp\/v2\/comments?post=27"}],"version-history":[{"count":9,"href":"https:\/\/musiikkiarkisto.fi\/ap\/index.php\/wp-json\/wp\/v2\/pages\/27\/revisions"}],"predecessor-version":[{"id":1173,"href":"https:\/\/musiikkiarkisto.fi\/ap\/index.php\/wp-json\/wp\/v2\/pages\/27\/revisions\/1173"}],"wp:attachment":[{"href":"https:\/\/musiikkiarkisto.fi\/ap\/index.php\/wp-json\/wp\/v2\/media?parent=27"}],"curies":[{"name":"wp","href":"https:\/\/api.w.org\/{rel}","templated":true}]}}